{"id":2674,"date":"2024-03-23T09:15:25","date_gmt":"2024-03-23T08:15:25","guid":{"rendered":"https:\/\/lesmainsvertesducoeur.fr\/wordpress\/?page_id=2674"},"modified":"2024-06-07T13:16:24","modified_gmt":"2024-06-07T11:16:24","slug":"jardins-du-cotentin","status":"publish","type":"page","link":"https:\/\/lesmainsvertesducoeur.fr\/wordpress\/jardins-du-cotentin\/","title":{"rendered":"Jardins du Cotentin"},"content":{"rendered":"\n<h2 class=\"wp-block-heading\">Projet soutenu par 7 jardins du Cotentin des MAINS VERTES du COEUR 2024 <\/h2>\n\n\n\n<p>On ne peut pas \u00e9quiper tous les h\u00f4pitaux des <strong>derniers mat\u00e9riels innovants<\/strong>, mais il est important qu&rsquo;ils aient les <strong>mat\u00e9riels efficaces pour les premiers secours<\/strong>. Tout le monde est concern\u00e9 et c&rsquo;est pour cette raison que des jardiniers du Cotentin ont d\u00e9cid\u00e9 de financer : <\/p>\n\n\n\n<h2 class=\"wp-block-heading\">Une Planche \u00e0 masser qui va beaucoup aider les \u00e9quipes du SMUR<\/h2>\n\n\n<div class=\"wp-block-image\">\n<figure class=\"alignright size-full\"><img loading=\"lazy\" decoding=\"async\" width=\"442\" height=\"406\" src=\"https:\/\/lesmainsvertesducoeur.fr\/wordpress\/wp-content\/uploads\/2024\/03\/Plancheamasser.jpg\" alt=\"\" class=\"wp-image-2679\" srcset=\"https:\/\/lesmainsvertesducoeur.fr\/wordpress\/wp-content\/uploads\/2024\/03\/Plancheamasser.jpg 442w, https:\/\/lesmainsvertesducoeur.fr\/wordpress\/wp-content\/uploads\/2024\/03\/Plancheamasser-300x276.jpg 300w\" sizes=\"auto, (max-width: 442px) 100vw, 442px\" \/><\/figure>\n<\/div>\n\n\n<p>Le projet d acquisition retenu est une&nbsp;<strong><u>Planche \u00e0 masser pour les r\u00e9animations cardio-pulmonaires<\/u><\/strong>&nbsp;qui permet d all\u00e9ger le travail des secouristes et de&nbsp;<strong>sauver des vies humaines.<\/strong>&nbsp;<\/p>\n\n\n\n<p>Elle permet une r\u00e9animation cardio pulmonaire plus efficace que celle effectu\u00e9e manuellement. La machine pos\u00e9e au-dessus du corps est fix\u00e9e \u00e0 une planche et permet par un va-et-vient vertical et r\u00e9gulier un massage cardiaque sans d\u00e9faillance. <\/p>\n\n\n\n<p>Elle permet \u00e9galement le transport du patient tout en continuant le massage cardiaque. <\/p>\n\n\n\n<p>Voici les raisons de ce choix selon le m\u00e9decin r\u00e9animateur de l\u2019H\u00f4pital de St L\u00f4 qui est \u00e0 l&rsquo;origine de la demande de planche \u00e0 masser que nous cherchons \u00e0 financer.<br>Le d\u00e9clic (le \u00ab\u00a0<em>choc<\/em>\u00a0\u00bb a-t-il dit) s&rsquo;est produit r\u00e9cemment \u00e0 l&rsquo;h\u00f4pital, quand <em>deux jeunes femmes sont mortes alors qu&rsquo;elles venaient d&rsquo;accoucher<\/em>.\u00a0<br>Le massage cardiaque \u00e9tant difficile et tr\u00e8s fatigant \u00e0 pratiquer, on ne tient gu\u00e8re plus <em>de deux minutes<\/em>, et les soignants ont eu beau se relayer, ils n&rsquo;ont pas r\u00e9ussi \u00e0 les sauver.<br>Et en <em>l&rsquo;absence de planche \u00e0 masser automatique il n&rsquo;a pas non plus \u00e9t\u00e9 possible de les transporter au CHU de Caen<\/em>, o\u00f9 elles auraient pu b\u00e9n\u00e9ficier d&rsquo;une \u00ab\u00a0circulation extra corporelle\u00a0\u00bb, en gros un c\u0153ur artificiel qui prend le relais le temps n\u00e9cessaire&#8230;<br>Ces d\u00e9c\u00e8s, qui auraient peut-\u00eatre pu \u00eatre \u00e9vit\u00e9s avec une planche \u00e0 masser, et qui laissent deux b\u00e9b\u00e9s orphelins, ont traumatis\u00e9 l&rsquo;\u00e9quipe&#8230;<br><br>Il faut savoir qu&rsquo;il n&rsquo;existe actuellement que 3 ou 4 de ces machines sur la Manche, pour les infirmiers sapeurs pompiers. Mais sur le bassin de St L\u00f4 o\u00f9 il y a environ 200 arr\u00eats cardiaques par an, ce dispositif pourrait sauver <em>une dizaine de personnes chaque ann\u00e9e<\/em>&#8230;<\/p>\n\n\n\n<figure class=\"wp-block-image size-full\"><img loading=\"lazy\" decoding=\"async\" width=\"330\" height=\"320\" src=\"https:\/\/lesmainsvertesducoeur.fr\/wordpress\/wp-content\/uploads\/2024\/03\/LOGO_FONDATION_CH_ST_LO-V2.jpg\" alt=\"\" class=\"wp-image-2762\" srcset=\"https:\/\/lesmainsvertesducoeur.fr\/wordpress\/wp-content\/uploads\/2024\/03\/LOGO_FONDATION_CH_ST_LO-V2.jpg 330w, https:\/\/lesmainsvertesducoeur.fr\/wordpress\/wp-content\/uploads\/2024\/03\/LOGO_FONDATION_CH_ST_LO-V2-300x291.jpg 300w\" sizes=\"auto, (max-width: 330px) 100vw, 330px\" \/><\/figure>\n\n\n\n<p>\u00ab&nbsp;Fondation h\u00f4pital M\u00e9morial Innovation&nbsp;\u00bb de Saint L\u00f4 sous l&rsquo;\u00e9gide de la Fondation Charles Nicolle-Normandie<\/p>\n\n\n\n<h2 class=\"wp-block-heading\"><strong><a href=\"https:\/\/lesmainsvertesducoeur.fr\/MVC\/jardins.php?c=cot\">En cliquant sur ce lien, vous pouvez acc\u00e9der \u00e0 la Carte des jardins du Cotentin qui ouvrent pour les Mains Vertes du Coeur et aux descriptifs et photos : Carte des jardins<\/a><\/strong> <\/h2>\n\n\n\n<h2 class=\"wp-block-heading\"><\/h2>\n\n\n\n<table width = \"900px\">\n<tr><td width = \"600px\">\n<h2 class=\"wp-block-heading\">En visitant les jardins, vous joindrez <b>l\u2019utile \u00e0 l\u2019agr\u00e9able :<\/b><br>\n\u2022 Vous visiterez de tr\u00e8s beaux jardins de particuliers.<br>\n\u2022 Vous aiderez les h\u00f4pitaux normands \u00e0 acqu\u00e9rir du mat\u00e9riel efficace : <br>\nL\u2019int\u00e9gralit\u00e9 des dons permet \u00e0 la Fondation H\u00f4pital M\u00e9morial Innovation d\u2019acheter des \u00e9quipements pour les h\u00f4pitaux de la r\u00e9gion<br><br>\nENTREE avec PARTICIPATION LIBRE : Pour les personnes imposables, les dons sont accessibles \u00e0 la d\u00e9duction fiscale de 66%.<br><\/h2><br><br><br>\n<p><img decoding=\"async\" src=\"https:\/\/lesmainsvertesducoeur.fr\/wordpress\/wp-content\/uploads\/2024\/03\/afficheCotentin.jpg\" alt=\"\"><\/p>\n<\/td><td>\n<table>\n        <tr><td valign=\"top\" width=\"350\"><a href=\"https:\/\/lesmainsvertesducoeur.fr\/MVC\/BEGUE\/BEGUE-5.php\"><font color=\"green\">50 Le jardin du Radiophare<br>BEGUE<\/Font><FONT size=\"2\"> Marie Anne et Bernard<br>7, rue des Mesliers &#8211; Querqueville (Amfr\u00e9ville)<br><\/Font><FONT size=\"2\">50460 Cherbourg-en-Cotentin<br><b><font color='blue'>Ouvert les Samedi 15 juin et Dimanche 16 juin 2024<br><\/font><\/b>09 51 08 17 99&nbsp;&nbsp;&nbsp;&nbsp;06 75 41 30 48<\/a><\/td>\n        <\/tr><tr><td valign=\"top\" width=\"350\"><a href=\"https:\/\/lesmainsvertesducoeur.fr\/MVC\/ST CLAIR\/ST CLAIR-5.php\"><font color=\"green\">51 La Ferme des Roches<br>ST CLAIR<\/Font><FONT size=\"2\"> Caroline<br>Route des Epines<br><\/Font><FONT size=\"2\">50690 Martinvast<br><b><font color='blue'>Ouvert les Samedi 25 mai 2024 Dimanche 26 mai 2024 Samedi 15 juin 2024 Dimanche 16 juin 2024<br><\/font><\/b>02 33 04 65 10&nbsp;&nbsp;&nbsp;&nbsp;06 72 43 27 40<\/a><\/td>\n        <\/tr><tr><td valign=\"top\" width=\"350\"><a href=\"https:\/\/lesmainsvertesducoeur.fr\/MVC\/Brix\/Brix-5.php\"><font color=\"green\">52 Jardin de la Gervaiserie<br>Brix<\/Font><FONT size=\"2\"> Isabelle<br>2 Rue du Vieux Presbyt\u00e8re <br><\/Font><FONT size=\"2\">50639 Quettehou<br><b><font color='blue'>Ouvert les Samedi 15 juin et Dimanche 16 juin 2024<br><\/font><\/b>06 30 70 12 38<\/a><\/td>\n        <\/tr><tr><td valign=\"top\" width=\"350\"><a href=\"https:\/\/lesmainsvertesducoeur.fr\/MVC\/FALIGOT\/FALIGOT-5.php\"><font color=\"green\">53 Jardin de Basroger<br>FALIGOT<\/Font><FONT size=\"2\"> Maryvonne et L\u00e9on<br>13 route de limors  les Moitiers en Bauptois<br><\/Font><FONT size=\"2\">50360 PICAUVILLE <br><b><font color='blue'>Ouvert les Samedi 15 juin et Dimanche 16 juin 2024<br><\/font><\/b>02 33 41 01 27&nbsp;&nbsp;&nbsp;&nbsp;<\/a><\/td>\n        <\/tr><tr><td valign=\"top\" width=\"350\"><a href=\"https:\/\/lesmainsvertesducoeur.fr\/MVC\/Banse\/Banse-5.php\"><font color=\"green\">54 Jardin de la Bosquerie<br>Banse<\/Font><FONT size=\"2\"> Christine <br><br><\/Font><FONT size=\"2\">50500  Auxais<br><b><font color='blue'>Ouvert les Samedi 15 juin et Dimanche 16 juin 2024<br><\/font><\/b>02 33 42 14 28&nbsp;&nbsp;&nbsp;&nbsp;<\/a><\/td>\n        <\/tr><tr><td valign=\"top\" width=\"350\"><a href=\"https:\/\/lesmainsvertesducoeur.fr\/MVC\/Leforestier\/Leforestier-5.php\"><font color=\"green\">55 La Guesnonni\u00e8re<br>Leforestier<\/Font><FONT size=\"2\"> Michel <br>La Guesnonni\u00e8re<br><\/Font><FONT size=\"2\">50490 Montcuit<br><b><font color='blue'>Ouvert le Dimanche 26 mai 2024 <br><\/font><\/b>02 33 45 62 32&nbsp;&nbsp;&nbsp;&nbsp;06 47 58 02 62<\/a><\/td>\n        <\/tr><tr><td valign=\"top\" width=\"350\"><a href=\"https:\/\/lesmainsvertesducoeur.fr\/MVC\/Leflamand\/Leflamand-5.php\"><font color=\"green\">56 Bl\u00f2m-myraland<br>Leflamand<\/Font><FONT size=\"2\"> Andr\u00e9 <br>14 rue Amiral-Touraille<br><\/Font><FONT size=\"2\">50500 Saint-Pellerin<br><b><font color='blue'>Ouvert les Samedi 25 mai et Dimanche 26 mai 2024 et Samedi 15 juin et Dimanche 16 juin 2024<br><\/font><\/b>02 33 71 13 46&nbsp;&nbsp;&nbsp;&nbsp;<\/a><\/td>\n   <\/td><\/tr><\/table>\n\n\n\n<div class=\"wp-block-group\"><div class=\"wp-block-group__inner-container is-layout-constrained wp-block-group-is-layout-constrained\">\n<div class=\"wp-block-columns alignwide is-layout-flex wp-container-core-columns-is-layout-9d6595d7 wp-block-columns-is-layout-flex\">\n<div class=\"wp-block-column is-vertically-aligned-center is-layout-flow wp-block-column-is-layout-flow\" style=\"flex-basis:100%\">\n<p><\/p>\n<\/div>\n<\/div>\n<\/div><\/div>\n","protected":false},"excerpt":{"rendered":"<p>Projet soutenu par 7 jardins du Cotentin des MAINS VERTES du COEUR 2024 On ne peut pas \u00e9quiper tous les h\u00f4pitaux des derniers mat\u00e9riels innovants, mais il est important qu&rsquo;ils aient les mat\u00e9riels efficaces pour les premiers secours. Tout le <a href=\"https:\/\/lesmainsvertesducoeur.fr\/wordpress\/jardins-du-cotentin\/\"> Read more&#8230;<\/a><\/p>\n","protected":false},"author":1,"featured_media":0,"parent":0,"menu_order":0,"comment_status":"closed","ping_status":"closed","template":"","meta":{"footnotes":""},"class_list":["post-2674","page","type-page","status-publish","hentry"],"yoast_head":"<!-- This site is optimized with the Yoast SEO plugin v27.2 - https:\/\/yoast.com\/product\/yoast-seo-wordpress\/ -->\n<title>Jardins du Cotentin - LES MAINS VERTES DU COEUR<\/title>\n<meta name=\"description\" content=\"Des Jardins de Particuliers ouvrent leurs portes au profit de la Fondation Charles Nicolle les 20-21 mai et\/ou 24-25 juin 2024 et autres dates\" \/>\n<meta name=\"robots\" content=\"index, follow, max-snippet:-1, max-image-preview:large, max-video-preview:-1\" \/>\n<link rel=\"canonical\" href=\"https:\/\/lesmainsvertesducoeur.fr\/wordpress\/jardins-du-cotentin\/\" \/>\n<meta property=\"og:locale\" content=\"fr_FR\" \/>\n<meta property=\"og:type\" content=\"article\" \/>\n<meta property=\"og:title\" content=\"Jardins du Cotentin - LES MAINS VERTES DU COEUR\" \/>\n<meta property=\"og:description\" content=\"Des Jardins de Particuliers ouvrent leurs portes au profit de la Fondation Charles Nicolle les 20-21 mai et\/ou 24-25 juin 2024 et autres dates\" \/>\n<meta property=\"og:url\" content=\"https:\/\/lesmainsvertesducoeur.fr\/wordpress\/jardins-du-cotentin\/\" \/>\n<meta property=\"og:site_name\" content=\"LES MAINS VERTES DU COEUR\" \/>\n<meta property=\"article:publisher\" content=\"https:\/\/www.facebook.com\/lesmainsvertesducoeur.fr\" \/>\n<meta property=\"article:modified_time\" content=\"2024-06-07T11:16:24+00:00\" \/>\n<meta property=\"og:image\" content=\"https:\/\/lesmainsvertesducoeur.fr\/wordpress\/wp-content\/uploads\/2024\/03\/Plancheamasser.jpg\" \/>\n<meta name=\"twitter:card\" content=\"summary_large_image\" \/>\n<meta name=\"twitter:label1\" content=\"Dur\u00e9e de lecture estim\u00e9e\" \/>\n\t<meta name=\"twitter:data1\" content=\"4 minutes\" \/>\n<script type=\"application\/ld+json\" class=\"yoast-schema-graph\">{\"@context\":\"https:\/\/schema.org\",\"@graph\":[{\"@type\":\"WebPage\",\"@id\":\"https:\/\/lesmainsvertesducoeur.fr\/wordpress\/jardins-du-cotentin\/\",\"url\":\"https:\/\/lesmainsvertesducoeur.fr\/wordpress\/jardins-du-cotentin\/\",\"name\":\"Jardins du Cotentin - LES MAINS VERTES DU COEUR\",\"isPartOf\":{\"@id\":\"https:\/\/lesmainsvertesducoeur.fr\/wordpress\/#website\"},\"primaryImageOfPage\":{\"@id\":\"https:\/\/lesmainsvertesducoeur.fr\/wordpress\/jardins-du-cotentin\/#primaryimage\"},\"image\":{\"@id\":\"https:\/\/lesmainsvertesducoeur.fr\/wordpress\/jardins-du-cotentin\/#primaryimage\"},\"thumbnailUrl\":\"https:\/\/lesmainsvertesducoeur.fr\/wordpress\/wp-content\/uploads\/2024\/03\/Plancheamasser.jpg\",\"datePublished\":\"2024-03-23T08:15:25+00:00\",\"dateModified\":\"2024-06-07T11:16:24+00:00\",\"description\":\"Des Jardins de Particuliers ouvrent leurs portes au profit de la Fondation Charles Nicolle les 20-21 mai et\/ou 24-25 juin 2024 et autres dates\",\"breadcrumb\":{\"@id\":\"https:\/\/lesmainsvertesducoeur.fr\/wordpress\/jardins-du-cotentin\/#breadcrumb\"},\"inLanguage\":\"fr-FR\",\"potentialAction\":[{\"@type\":\"ReadAction\",\"target\":[\"https:\/\/lesmainsvertesducoeur.fr\/wordpress\/jardins-du-cotentin\/\"]}]},{\"@type\":\"ImageObject\",\"inLanguage\":\"fr-FR\",\"@id\":\"https:\/\/lesmainsvertesducoeur.fr\/wordpress\/jardins-du-cotentin\/#primaryimage\",\"url\":\"https:\/\/lesmainsvertesducoeur.fr\/wordpress\/wp-content\/uploads\/2024\/03\/Plancheamasser.jpg\",\"contentUrl\":\"https:\/\/lesmainsvertesducoeur.fr\/wordpress\/wp-content\/uploads\/2024\/03\/Plancheamasser.jpg\",\"width\":442,\"height\":406},{\"@type\":\"BreadcrumbList\",\"@id\":\"https:\/\/lesmainsvertesducoeur.fr\/wordpress\/jardins-du-cotentin\/#breadcrumb\",\"itemListElement\":[{\"@type\":\"ListItem\",\"position\":1,\"name\":\"Accueil\",\"item\":\"https:\/\/lesmainsvertesducoeur.fr\/wordpress\/\"},{\"@type\":\"ListItem\",\"position\":2,\"name\":\"Jardins du Cotentin\"}]},{\"@type\":\"WebSite\",\"@id\":\"https:\/\/lesmainsvertesducoeur.fr\/wordpress\/#website\",\"url\":\"https:\/\/lesmainsvertesducoeur.fr\/wordpress\/\",\"name\":\"LES MAINS VERTES DU COEUR des jardins priv\u00e9s ouvrent pour \u00e9quiper les h\u00f4pitaux en mat\u00e9riels de pointe\",\"description\":\"Visite de jardins priv\u00e9s : Un plus pour les h\u00f4pitaux de Haute Normandie\",\"publisher\":{\"@id\":\"https:\/\/lesmainsvertesducoeur.fr\/wordpress\/#organization\"},\"alternateName\":\"LES MAINS VERTES DU COEUR\",\"potentialAction\":[{\"@type\":\"SearchAction\",\"target\":{\"@type\":\"EntryPoint\",\"urlTemplate\":\"https:\/\/lesmainsvertesducoeur.fr\/wordpress\/?s={search_term_string}\"},\"query-input\":{\"@type\":\"PropertyValueSpecification\",\"valueRequired\":true,\"valueName\":\"search_term_string\"}}],\"inLanguage\":\"fr-FR\"},{\"@type\":\"Organization\",\"@id\":\"https:\/\/lesmainsvertesducoeur.fr\/wordpress\/#organization\",\"name\":\"LES MAINS VERTES DU COEUR des jardins priv\u00e9s ouvrent pour \u00e9quiper les h\u00f4pitaux en mat\u00e9riels de pointe\",\"alternateName\":\"LES MAINS VERTES DU COEUR\",\"url\":\"https:\/\/lesmainsvertesducoeur.fr\/wordpress\/\",\"logo\":{\"@type\":\"ImageObject\",\"inLanguage\":\"fr-FR\",\"@id\":\"https:\/\/lesmainsvertesducoeur.fr\/wordpress\/#\/schema\/logo\/image\/\",\"url\":\"https:\/\/lesmainsvertesducoeur.fr\/wordpress\/wp-content\/uploads\/2020\/02\/LOGO.png\",\"contentUrl\":\"https:\/\/lesmainsvertesducoeur.fr\/wordpress\/wp-content\/uploads\/2020\/02\/LOGO.png\",\"width\":161,\"height\":130,\"caption\":\"LES MAINS VERTES DU COEUR des jardins priv\u00e9s ouvrent pour \u00e9quiper les h\u00f4pitaux en mat\u00e9riels de pointe\"},\"image\":{\"@id\":\"https:\/\/lesmainsvertesducoeur.fr\/wordpress\/#\/schema\/logo\/image\/\"},\"sameAs\":[\"https:\/\/www.facebook.com\/lesmainsvertesducoeur.fr\"]}]}<\/script>\n<!-- \/ Yoast SEO plugin. -->","yoast_head_json":{"title":"Jardins du Cotentin - LES MAINS VERTES DU COEUR","description":"Des Jardins de Particuliers ouvrent leurs portes au profit de la Fondation Charles Nicolle les 20-21 mai et\/ou 24-25 juin 2024 et autres dates","robots":{"index":"index","follow":"follow","max-snippet":"max-snippet:-1","max-image-preview":"max-image-preview:large","max-video-preview":"max-video-preview:-1"},"canonical":"https:\/\/lesmainsvertesducoeur.fr\/wordpress\/jardins-du-cotentin\/","og_locale":"fr_FR","og_type":"article","og_title":"Jardins du Cotentin - LES MAINS VERTES DU COEUR","og_description":"Des Jardins de Particuliers ouvrent leurs portes au profit de la Fondation Charles Nicolle les 20-21 mai et\/ou 24-25 juin 2024 et autres dates","og_url":"https:\/\/lesmainsvertesducoeur.fr\/wordpress\/jardins-du-cotentin\/","og_site_name":"LES MAINS VERTES DU COEUR","article_publisher":"https:\/\/www.facebook.com\/lesmainsvertesducoeur.fr","article_modified_time":"2024-06-07T11:16:24+00:00","og_image":[{"url":"https:\/\/lesmainsvertesducoeur.fr\/wordpress\/wp-content\/uploads\/2024\/03\/Plancheamasser.jpg","type":"","width":"","height":""}],"twitter_card":"summary_large_image","twitter_misc":{"Dur\u00e9e de lecture estim\u00e9e":"4 minutes"},"schema":{"@context":"https:\/\/schema.org","@graph":[{"@type":"WebPage","@id":"https:\/\/lesmainsvertesducoeur.fr\/wordpress\/jardins-du-cotentin\/","url":"https:\/\/lesmainsvertesducoeur.fr\/wordpress\/jardins-du-cotentin\/","name":"Jardins du Cotentin - LES MAINS VERTES DU COEUR","isPartOf":{"@id":"https:\/\/lesmainsvertesducoeur.fr\/wordpress\/#website"},"primaryImageOfPage":{"@id":"https:\/\/lesmainsvertesducoeur.fr\/wordpress\/jardins-du-cotentin\/#primaryimage"},"image":{"@id":"https:\/\/lesmainsvertesducoeur.fr\/wordpress\/jardins-du-cotentin\/#primaryimage"},"thumbnailUrl":"https:\/\/lesmainsvertesducoeur.fr\/wordpress\/wp-content\/uploads\/2024\/03\/Plancheamasser.jpg","datePublished":"2024-03-23T08:15:25+00:00","dateModified":"2024-06-07T11:16:24+00:00","description":"Des Jardins de Particuliers ouvrent leurs portes au profit de la Fondation Charles Nicolle les 20-21 mai et\/ou 24-25 juin 2024 et autres dates","breadcrumb":{"@id":"https:\/\/lesmainsvertesducoeur.fr\/wordpress\/jardins-du-cotentin\/#breadcrumb"},"inLanguage":"fr-FR","potentialAction":[{"@type":"ReadAction","target":["https:\/\/lesmainsvertesducoeur.fr\/wordpress\/jardins-du-cotentin\/"]}]},{"@type":"ImageObject","inLanguage":"fr-FR","@id":"https:\/\/lesmainsvertesducoeur.fr\/wordpress\/jardins-du-cotentin\/#primaryimage","url":"https:\/\/lesmainsvertesducoeur.fr\/wordpress\/wp-content\/uploads\/2024\/03\/Plancheamasser.jpg","contentUrl":"https:\/\/lesmainsvertesducoeur.fr\/wordpress\/wp-content\/uploads\/2024\/03\/Plancheamasser.jpg","width":442,"height":406},{"@type":"BreadcrumbList","@id":"https:\/\/lesmainsvertesducoeur.fr\/wordpress\/jardins-du-cotentin\/#breadcrumb","itemListElement":[{"@type":"ListItem","position":1,"name":"Accueil","item":"https:\/\/lesmainsvertesducoeur.fr\/wordpress\/"},{"@type":"ListItem","position":2,"name":"Jardins du Cotentin"}]},{"@type":"WebSite","@id":"https:\/\/lesmainsvertesducoeur.fr\/wordpress\/#website","url":"https:\/\/lesmainsvertesducoeur.fr\/wordpress\/","name":"LES MAINS VERTES DU COEUR des jardins priv\u00e9s ouvrent pour \u00e9quiper les h\u00f4pitaux en mat\u00e9riels de pointe","description":"Visite de jardins priv\u00e9s : Un plus pour les h\u00f4pitaux de Haute Normandie","publisher":{"@id":"https:\/\/lesmainsvertesducoeur.fr\/wordpress\/#organization"},"alternateName":"LES MAINS VERTES DU COEUR","potentialAction":[{"@type":"SearchAction","target":{"@type":"EntryPoint","urlTemplate":"https:\/\/lesmainsvertesducoeur.fr\/wordpress\/?s={search_term_string}"},"query-input":{"@type":"PropertyValueSpecification","valueRequired":true,"valueName":"search_term_string"}}],"inLanguage":"fr-FR"},{"@type":"Organization","@id":"https:\/\/lesmainsvertesducoeur.fr\/wordpress\/#organization","name":"LES MAINS VERTES DU COEUR des jardins priv\u00e9s ouvrent pour \u00e9quiper les h\u00f4pitaux en mat\u00e9riels de pointe","alternateName":"LES MAINS VERTES DU COEUR","url":"https:\/\/lesmainsvertesducoeur.fr\/wordpress\/","logo":{"@type":"ImageObject","inLanguage":"fr-FR","@id":"https:\/\/lesmainsvertesducoeur.fr\/wordpress\/#\/schema\/logo\/image\/","url":"https:\/\/lesmainsvertesducoeur.fr\/wordpress\/wp-content\/uploads\/2020\/02\/LOGO.png","contentUrl":"https:\/\/lesmainsvertesducoeur.fr\/wordpress\/wp-content\/uploads\/2020\/02\/LOGO.png","width":161,"height":130,"caption":"LES MAINS VERTES DU COEUR des jardins priv\u00e9s ouvrent pour \u00e9quiper les h\u00f4pitaux en mat\u00e9riels de pointe"},"image":{"@id":"https:\/\/lesmainsvertesducoeur.fr\/wordpress\/#\/schema\/logo\/image\/"},"sameAs":["https:\/\/www.facebook.com\/lesmainsvertesducoeur.fr"]}]}},"_links":{"self":[{"href":"https:\/\/lesmainsvertesducoeur.fr\/wordpress\/wp-json\/wp\/v2\/pages\/2674","targetHints":{"allow":["GET"]}}],"collection":[{"href":"https:\/\/lesmainsvertesducoeur.fr\/wordpress\/wp-json\/wp\/v2\/pages"}],"about":[{"href":"https:\/\/lesmainsvertesducoeur.fr\/wordpress\/wp-json\/wp\/v2\/types\/page"}],"author":[{"embeddable":true,"href":"https:\/\/lesmainsvertesducoeur.fr\/wordpress\/wp-json\/wp\/v2\/users\/1"}],"replies":[{"embeddable":true,"href":"https:\/\/lesmainsvertesducoeur.fr\/wordpress\/wp-json\/wp\/v2\/comments?post=2674"}],"version-history":[{"count":0,"href":"https:\/\/lesmainsvertesducoeur.fr\/wordpress\/wp-json\/wp\/v2\/pages\/2674\/revisions"}],"wp:attachment":[{"href":"https:\/\/lesmainsvertesducoeur.fr\/wordpress\/wp-json\/wp\/v2\/media?parent=2674"}],"curies":[{"name":"wp","href":"https:\/\/api.w.org\/{rel}","templated":true}]}}