{"id":2178,"date":"2022-10-29T08:30:32","date_gmt":"2022-10-29T06:30:32","guid":{"rendered":"https:\/\/lesmainsvertesducoeur.fr\/wordpress\/?page_id=2178"},"modified":"2025-06-16T18:13:46","modified_gmt":"2025-06-16T16:13:46","slug":"livre-dor","status":"publish","type":"page","link":"https:\/\/lesmainsvertesducoeur.fr\/wordpress\/livre-dor\/","title":{"rendered":"Livre d&rsquo;or"},"content":{"rendered":"\n<figure class=\"wp-block-table\"><table><tbody><tr><td><strong>Quelques t\u00e9moignages de visiteurs<\/strong><\/td><\/tr><\/tbody><\/table><\/figure>\n\n\n\n<p>Bonsoir, merci \u00e0 vous d\u2019avoir organis\u00e9 ce concert de tr\u00e8s grande qualit\u00e9, dans un jardin magnifique. <\/p>\n\n\n\n<p>Merci pour votre accueil chaleureux et aux artistes talentueux.<\/p>\n\n\n\n<p>&nbsp;<\/p>\n\n\n\n<p><\/p>\n\n\n\n<p>Patrice partage sa passion pour son jardin aux belles diversit\u00e9s. Il prend le temps de r\u00e9pondre aux nombreuses personnes qui se sont d\u00e9plac\u00e9es pour d\u00e9couvrir ses tr\u00e9sors. Il a d\u00fb parler sans discontinuer, terminant sa journ\u00e9e presque sans voix. Sa femme et sa petite famille nous ont accueilli avec g\u00e2teaux et boissons. Des gens charmants qui ont eu la gentillesse de nous ouvrir leurs portes. <\/p>\n\n\n\n<p>Merci encore pour toute cette g\u00e9n\u00e9rosit\u00e9<\/p>\n\n\n\n<p>Nous avons visit\u00e9 le 15 Juin le Jardin N\u00b034 du Boulay qui est absolument magnifique. Nicole et Patrice nous ont accueilli chaleureusement avec leurs petits enfants. Il nous ont fait partager leur passion pour les fleurs qui sont plus jolies les unes que les autres. Nous avons \u00e9t\u00e9 transport\u00e9s pour un apr\u00e8s midi dans un monde fleuri dont on a tellement besoin en ce moment. Le partage a \u00e9t\u00e9 plus que leur passion car nous sommes rentr\u00e9s avec une belle pousse de bananier qui est d\u00e9j\u00e0 en terre et que nous allons ch\u00e9rir pour qu elle reparte. Le partage des fleurs fait aussi partie de la visite chez Nicole et Patrice, merci \u00e0 eux et aux \u00ab\u00a0mains vertes du coeur\u00a0\u00bb pour ce qu ils font pour la recherche Martine Osborn<\/p>\n\n\n\n<p><br>J ai pu visiter hier avec une amie un jardin magnifique dans la vall\u00e9e de l Andelle ! j ai d\u00e9couvert un endroit somptueux et c est avec grand plaisir que je me rendrai avec joie admirer de nouveaux sites !! <\/p>\n\n\n\n<p>A tr\u00e8s bient\u00f4t de vos bonnes nouvelles .<\/p>\n\n\n\n<p><\/p>\n\n\n\n<div class=\"wp-block-columns alignwide is-layout-flex wp-container-core-columns-is-layout-9d6595d7 wp-block-columns-is-layout-flex\">\n<div class=\"wp-block-column is-layout-flow wp-block-column-is-layout-flow\" style=\"flex-basis:50%\">\n<figure class=\"wp-block-image\"><img loading=\"lazy\" decoding=\"async\" width=\"1024\" height=\"727\" src=\"https:\/\/lesmainsvertesducoeur.fr\/wordpress\/wp-content\/uploads\/2022\/10\/REMERCIEMENTS-1024x727.png\" alt=\"\" class=\"wp-image-2189\" srcset=\"https:\/\/lesmainsvertesducoeur.fr\/wordpress\/wp-content\/uploads\/2022\/10\/REMERCIEMENTS-1024x727.png 1024w, https:\/\/lesmainsvertesducoeur.fr\/wordpress\/wp-content\/uploads\/2022\/10\/REMERCIEMENTS-768x545.png 768w, https:\/\/lesmainsvertesducoeur.fr\/wordpress\/wp-content\/uploads\/2022\/10\/REMERCIEMENTS-300x213.png 300w, https:\/\/lesmainsvertesducoeur.fr\/wordpress\/wp-content\/uploads\/2022\/10\/REMERCIEMENTS.png 1088w\" sizes=\"auto, (max-width: 1024px) 100vw, 1024px\" \/><\/figure>\n<\/div>\n\n\n\n<div class=\"wp-block-column is-layout-flow wp-block-column-is-layout-flow\" style=\"flex-basis:50%\">\n<p><\/p>\n\n\n\n<p><\/p>\n<\/div>\n<\/div>\n\n\n\n<figure class=\"wp-block-table\"><table><tbody><tr><td><br>Magnifique visite avec un jardinier passionn\u00e9 et passionnant. L accueil chaleureux a \u00e9t\u00e9 assur\u00e9 par sa fille et ses petits enfants avec boissons et g\u00e2teaux maison. Un immense bravo !<br><\/td><\/tr><\/tbody><\/table><\/figure>\n\n\n\n<figure class=\"wp-block-table\"><table><tbody><tr><td><br>Nous avons visit\u00e9 cet apr\u00e8s-midi le jardin du Boulay. Accueil sympathique et chaleureux dans un jardin loin des grandes routes. Une prise en charge par tous les membres de la famille ,\u00e0 boire et \u00e0 manger en fin de visite,une explication claire sur le projet d\u2019acquisition du mat\u00e9riel,sur la fondation Charles Nicolle.Une visite guid\u00e9e du jardin effectu\u00e9e par un papy formidable,passionn\u00e9 et passionnant,se donnant \u00e0 fond,avec une vraie envie de partager,qui fait visiter son jardin avec amour sans se m\u00e9nager malgr\u00e9 la chaleur et qui ne tarit pas d\u2019explications sur les plantes Un grand ,grand merci pour cette participation engag\u00e9e,qui refl\u00e8te bien l\u2019esprit familial et dont nous avons pu profiter cet apr\u00e8s-midi Vous m\u00e9ritez bien toutes ces f\u00e9licitations . Merci ,merci pour ce bon moment de partage..<\/td><\/tr><\/tbody><\/table><\/figure>\n","protected":false},"excerpt":{"rendered":"<p>Quelques t\u00e9moignages de visiteurs Bonsoir, merci \u00e0 vous d\u2019avoir organis\u00e9 ce concert de tr\u00e8s grande qualit\u00e9, dans un jardin magnifique. Merci pour votre accueil chaleureux et aux artistes talentueux. &nbsp; Patrice partage sa passion pour son jardin aux belles diversit\u00e9s. <a href=\"https:\/\/lesmainsvertesducoeur.fr\/wordpress\/livre-dor\/\"> Read more&#8230;<\/a><\/p>\n","protected":false},"author":1,"featured_media":0,"parent":0,"menu_order":0,"comment_status":"closed","ping_status":"closed","template":"","meta":{"footnotes":""},"class_list":["post-2178","page","type-page","status-publish","hentry"],"yoast_head":"<!-- This site is optimized with the Yoast SEO plugin v27.5 - https:\/\/yoast.com\/product\/yoast-seo-wordpress\/ -->\n<title>Livre d&#039;or - LES MAINS VERTES DU COEUR<\/title>\n<meta name=\"description\" content=\"Des Jardins de Particuliers ouvrent leurs portes au profit de la Fondation Charles Nicolle les 20-21 mai et\/ou 24-25 juin 2023 et autres dates\" \/>\n<meta name=\"robots\" content=\"index, follow, max-snippet:-1, max-image-preview:large, max-video-preview:-1\" \/>\n<link rel=\"canonical\" href=\"https:\/\/lesmainsvertesducoeur.fr\/wordpress\/livre-dor\/\" \/>\n<meta property=\"og:locale\" content=\"fr_FR\" \/>\n<meta property=\"og:type\" content=\"article\" \/>\n<meta property=\"og:title\" content=\"Livre d&#039;or - LES MAINS VERTES DU COEUR\" \/>\n<meta property=\"og:description\" content=\"Des Jardins de Particuliers ouvrent leurs portes au profit de la Fondation Charles Nicolle les 20-21 mai et\/ou 24-25 juin 2023 et autres dates\" \/>\n<meta property=\"og:url\" content=\"https:\/\/lesmainsvertesducoeur.fr\/wordpress\/livre-dor\/\" \/>\n<meta property=\"og:site_name\" content=\"LES MAINS VERTES DU COEUR\" \/>\n<meta property=\"article:publisher\" content=\"https:\/\/www.facebook.com\/lesmainsvertesducoeur.fr\" \/>\n<meta property=\"article:modified_time\" content=\"2025-06-16T16:13:46+00:00\" \/>\n<meta property=\"og:image\" content=\"https:\/\/lesmainsvertesducoeur.fr\/wordpress\/wp-content\/uploads\/2022\/10\/REMERCIEMENTS.png\" \/>\n\t<meta property=\"og:image:width\" content=\"1088\" \/>\n\t<meta property=\"og:image:height\" content=\"772\" \/>\n\t<meta property=\"og:image:type\" content=\"image\/png\" \/>\n<meta name=\"twitter:card\" content=\"summary_large_image\" \/>\n<meta name=\"twitter:label1\" content=\"Dur\u00e9e de lecture estim\u00e9e\" \/>\n\t<meta name=\"twitter:data1\" content=\"3 minutes\" \/>\n<script type=\"application\/ld+json\" class=\"yoast-schema-graph\">{\"@context\":\"https:\\\/\\\/schema.org\",\"@graph\":[{\"@type\":\"WebPage\",\"@id\":\"https:\\\/\\\/lesmainsvertesducoeur.fr\\\/wordpress\\\/livre-dor\\\/\",\"url\":\"https:\\\/\\\/lesmainsvertesducoeur.fr\\\/wordpress\\\/livre-dor\\\/\",\"name\":\"Livre d'or - LES MAINS VERTES DU COEUR\",\"isPartOf\":{\"@id\":\"https:\\\/\\\/lesmainsvertesducoeur.fr\\\/wordpress\\\/#website\"},\"primaryImageOfPage\":{\"@id\":\"https:\\\/\\\/lesmainsvertesducoeur.fr\\\/wordpress\\\/livre-dor\\\/#primaryimage\"},\"image\":{\"@id\":\"https:\\\/\\\/lesmainsvertesducoeur.fr\\\/wordpress\\\/livre-dor\\\/#primaryimage\"},\"thumbnailUrl\":\"https:\\\/\\\/lesmainsvertesducoeur.fr\\\/wordpress\\\/wp-content\\\/uploads\\\/2022\\\/10\\\/REMERCIEMENTS-1024x727.png\",\"datePublished\":\"2022-10-29T06:30:32+00:00\",\"dateModified\":\"2025-06-16T16:13:46+00:00\",\"description\":\"Des Jardins de Particuliers ouvrent leurs portes au profit de la Fondation Charles Nicolle les 20-21 mai et\\\/ou 24-25 juin 2023 et autres dates\",\"breadcrumb\":{\"@id\":\"https:\\\/\\\/lesmainsvertesducoeur.fr\\\/wordpress\\\/livre-dor\\\/#breadcrumb\"},\"inLanguage\":\"fr-FR\",\"potentialAction\":[{\"@type\":\"ReadAction\",\"target\":[\"https:\\\/\\\/lesmainsvertesducoeur.fr\\\/wordpress\\\/livre-dor\\\/\"]}]},{\"@type\":\"ImageObject\",\"inLanguage\":\"fr-FR\",\"@id\":\"https:\\\/\\\/lesmainsvertesducoeur.fr\\\/wordpress\\\/livre-dor\\\/#primaryimage\",\"url\":\"https:\\\/\\\/lesmainsvertesducoeur.fr\\\/wordpress\\\/wp-content\\\/uploads\\\/2022\\\/10\\\/REMERCIEMENTS.png\",\"contentUrl\":\"https:\\\/\\\/lesmainsvertesducoeur.fr\\\/wordpress\\\/wp-content\\\/uploads\\\/2022\\\/10\\\/REMERCIEMENTS.png\",\"width\":1088,\"height\":772},{\"@type\":\"BreadcrumbList\",\"@id\":\"https:\\\/\\\/lesmainsvertesducoeur.fr\\\/wordpress\\\/livre-dor\\\/#breadcrumb\",\"itemListElement\":[{\"@type\":\"ListItem\",\"position\":1,\"name\":\"Accueil\",\"item\":\"https:\\\/\\\/lesmainsvertesducoeur.fr\\\/wordpress\\\/\"},{\"@type\":\"ListItem\",\"position\":2,\"name\":\"Livre d&rsquo;or\"}]},{\"@type\":\"WebSite\",\"@id\":\"https:\\\/\\\/lesmainsvertesducoeur.fr\\\/wordpress\\\/#website\",\"url\":\"https:\\\/\\\/lesmainsvertesducoeur.fr\\\/wordpress\\\/\",\"name\":\"LES MAINS VERTES DU COEUR des jardins priv\u00e9s ouvrent pour \u00e9quiper les h\u00f4pitaux en mat\u00e9riels de pointe\",\"description\":\"Visite de jardins priv\u00e9s : Un plus pour les h\u00f4pitaux de Haute Normandie\",\"publisher\":{\"@id\":\"https:\\\/\\\/lesmainsvertesducoeur.fr\\\/wordpress\\\/#organization\"},\"alternateName\":\"LES MAINS VERTES DU COEUR\",\"potentialAction\":[{\"@type\":\"SearchAction\",\"target\":{\"@type\":\"EntryPoint\",\"urlTemplate\":\"https:\\\/\\\/lesmainsvertesducoeur.fr\\\/wordpress\\\/?s={search_term_string}\"},\"query-input\":{\"@type\":\"PropertyValueSpecification\",\"valueRequired\":true,\"valueName\":\"search_term_string\"}}],\"inLanguage\":\"fr-FR\"},{\"@type\":\"Organization\",\"@id\":\"https:\\\/\\\/lesmainsvertesducoeur.fr\\\/wordpress\\\/#organization\",\"name\":\"LES MAINS VERTES DU COEUR des jardins priv\u00e9s ouvrent pour \u00e9quiper les h\u00f4pitaux en mat\u00e9riels de pointe\",\"alternateName\":\"LES MAINS VERTES DU COEUR\",\"url\":\"https:\\\/\\\/lesmainsvertesducoeur.fr\\\/wordpress\\\/\",\"logo\":{\"@type\":\"ImageObject\",\"inLanguage\":\"fr-FR\",\"@id\":\"https:\\\/\\\/lesmainsvertesducoeur.fr\\\/wordpress\\\/#\\\/schema\\\/logo\\\/image\\\/\",\"url\":\"https:\\\/\\\/lesmainsvertesducoeur.fr\\\/wordpress\\\/wp-content\\\/uploads\\\/2020\\\/02\\\/LOGO.png\",\"contentUrl\":\"https:\\\/\\\/lesmainsvertesducoeur.fr\\\/wordpress\\\/wp-content\\\/uploads\\\/2020\\\/02\\\/LOGO.png\",\"width\":161,\"height\":130,\"caption\":\"LES MAINS VERTES DU COEUR des jardins priv\u00e9s ouvrent pour \u00e9quiper les h\u00f4pitaux en mat\u00e9riels de pointe\"},\"image\":{\"@id\":\"https:\\\/\\\/lesmainsvertesducoeur.fr\\\/wordpress\\\/#\\\/schema\\\/logo\\\/image\\\/\"},\"sameAs\":[\"https:\\\/\\\/www.facebook.com\\\/lesmainsvertesducoeur.fr\"]}]}<\/script>\n<!-- \/ Yoast SEO plugin. -->","yoast_head_json":{"title":"Livre d'or - LES MAINS VERTES DU COEUR","description":"Des Jardins de Particuliers ouvrent leurs portes au profit de la Fondation Charles Nicolle les 20-21 mai et\/ou 24-25 juin 2023 et autres dates","robots":{"index":"index","follow":"follow","max-snippet":"max-snippet:-1","max-image-preview":"max-image-preview:large","max-video-preview":"max-video-preview:-1"},"canonical":"https:\/\/lesmainsvertesducoeur.fr\/wordpress\/livre-dor\/","og_locale":"fr_FR","og_type":"article","og_title":"Livre d'or - LES MAINS VERTES DU COEUR","og_description":"Des Jardins de Particuliers ouvrent leurs portes au profit de la Fondation Charles Nicolle les 20-21 mai et\/ou 24-25 juin 2023 et autres dates","og_url":"https:\/\/lesmainsvertesducoeur.fr\/wordpress\/livre-dor\/","og_site_name":"LES MAINS VERTES DU COEUR","article_publisher":"https:\/\/www.facebook.com\/lesmainsvertesducoeur.fr","article_modified_time":"2025-06-16T16:13:46+00:00","og_image":[{"width":1088,"height":772,"url":"https:\/\/lesmainsvertesducoeur.fr\/wordpress\/wp-content\/uploads\/2022\/10\/REMERCIEMENTS.png","type":"image\/png"}],"twitter_card":"summary_large_image","twitter_misc":{"Dur\u00e9e de lecture estim\u00e9e":"3 minutes"},"schema":{"@context":"https:\/\/schema.org","@graph":[{"@type":"WebPage","@id":"https:\/\/lesmainsvertesducoeur.fr\/wordpress\/livre-dor\/","url":"https:\/\/lesmainsvertesducoeur.fr\/wordpress\/livre-dor\/","name":"Livre d'or - LES MAINS VERTES DU COEUR","isPartOf":{"@id":"https:\/\/lesmainsvertesducoeur.fr\/wordpress\/#website"},"primaryImageOfPage":{"@id":"https:\/\/lesmainsvertesducoeur.fr\/wordpress\/livre-dor\/#primaryimage"},"image":{"@id":"https:\/\/lesmainsvertesducoeur.fr\/wordpress\/livre-dor\/#primaryimage"},"thumbnailUrl":"https:\/\/lesmainsvertesducoeur.fr\/wordpress\/wp-content\/uploads\/2022\/10\/REMERCIEMENTS-1024x727.png","datePublished":"2022-10-29T06:30:32+00:00","dateModified":"2025-06-16T16:13:46+00:00","description":"Des Jardins de Particuliers ouvrent leurs portes au profit de la Fondation Charles Nicolle les 20-21 mai et\/ou 24-25 juin 2023 et autres dates","breadcrumb":{"@id":"https:\/\/lesmainsvertesducoeur.fr\/wordpress\/livre-dor\/#breadcrumb"},"inLanguage":"fr-FR","potentialAction":[{"@type":"ReadAction","target":["https:\/\/lesmainsvertesducoeur.fr\/wordpress\/livre-dor\/"]}]},{"@type":"ImageObject","inLanguage":"fr-FR","@id":"https:\/\/lesmainsvertesducoeur.fr\/wordpress\/livre-dor\/#primaryimage","url":"https:\/\/lesmainsvertesducoeur.fr\/wordpress\/wp-content\/uploads\/2022\/10\/REMERCIEMENTS.png","contentUrl":"https:\/\/lesmainsvertesducoeur.fr\/wordpress\/wp-content\/uploads\/2022\/10\/REMERCIEMENTS.png","width":1088,"height":772},{"@type":"BreadcrumbList","@id":"https:\/\/lesmainsvertesducoeur.fr\/wordpress\/livre-dor\/#breadcrumb","itemListElement":[{"@type":"ListItem","position":1,"name":"Accueil","item":"https:\/\/lesmainsvertesducoeur.fr\/wordpress\/"},{"@type":"ListItem","position":2,"name":"Livre d&rsquo;or"}]},{"@type":"WebSite","@id":"https:\/\/lesmainsvertesducoeur.fr\/wordpress\/#website","url":"https:\/\/lesmainsvertesducoeur.fr\/wordpress\/","name":"LES MAINS VERTES DU COEUR des jardins priv\u00e9s ouvrent pour \u00e9quiper les h\u00f4pitaux en mat\u00e9riels de pointe","description":"Visite de jardins priv\u00e9s : Un plus pour les h\u00f4pitaux de Haute Normandie","publisher":{"@id":"https:\/\/lesmainsvertesducoeur.fr\/wordpress\/#organization"},"alternateName":"LES MAINS VERTES DU COEUR","potentialAction":[{"@type":"SearchAction","target":{"@type":"EntryPoint","urlTemplate":"https:\/\/lesmainsvertesducoeur.fr\/wordpress\/?s={search_term_string}"},"query-input":{"@type":"PropertyValueSpecification","valueRequired":true,"valueName":"search_term_string"}}],"inLanguage":"fr-FR"},{"@type":"Organization","@id":"https:\/\/lesmainsvertesducoeur.fr\/wordpress\/#organization","name":"LES MAINS VERTES DU COEUR des jardins priv\u00e9s ouvrent pour \u00e9quiper les h\u00f4pitaux en mat\u00e9riels de pointe","alternateName":"LES MAINS VERTES DU COEUR","url":"https:\/\/lesmainsvertesducoeur.fr\/wordpress\/","logo":{"@type":"ImageObject","inLanguage":"fr-FR","@id":"https:\/\/lesmainsvertesducoeur.fr\/wordpress\/#\/schema\/logo\/image\/","url":"https:\/\/lesmainsvertesducoeur.fr\/wordpress\/wp-content\/uploads\/2020\/02\/LOGO.png","contentUrl":"https:\/\/lesmainsvertesducoeur.fr\/wordpress\/wp-content\/uploads\/2020\/02\/LOGO.png","width":161,"height":130,"caption":"LES MAINS VERTES DU COEUR des jardins priv\u00e9s ouvrent pour \u00e9quiper les h\u00f4pitaux en mat\u00e9riels de pointe"},"image":{"@id":"https:\/\/lesmainsvertesducoeur.fr\/wordpress\/#\/schema\/logo\/image\/"},"sameAs":["https:\/\/www.facebook.com\/lesmainsvertesducoeur.fr"]}]}},"_links":{"self":[{"href":"https:\/\/lesmainsvertesducoeur.fr\/wordpress\/wp-json\/wp\/v2\/pages\/2178","targetHints":{"allow":["GET"]}}],"collection":[{"href":"https:\/\/lesmainsvertesducoeur.fr\/wordpress\/wp-json\/wp\/v2\/pages"}],"about":[{"href":"https:\/\/lesmainsvertesducoeur.fr\/wordpress\/wp-json\/wp\/v2\/types\/page"}],"author":[{"embeddable":true,"href":"https:\/\/lesmainsvertesducoeur.fr\/wordpress\/wp-json\/wp\/v2\/users\/1"}],"replies":[{"embeddable":true,"href":"https:\/\/lesmainsvertesducoeur.fr\/wordpress\/wp-json\/wp\/v2\/comments?post=2178"}],"version-history":[{"count":1,"href":"https:\/\/lesmainsvertesducoeur.fr\/wordpress\/wp-json\/wp\/v2\/pages\/2178\/revisions"}],"predecessor-version":[{"id":3197,"href":"https:\/\/lesmainsvertesducoeur.fr\/wordpress\/wp-json\/wp\/v2\/pages\/2178\/revisions\/3197"}],"wp:attachment":[{"href":"https:\/\/lesmainsvertesducoeur.fr\/wordpress\/wp-json\/wp\/v2\/media?parent=2178"}],"curies":[{"name":"wp","href":"https:\/\/api.w.org\/{rel}","templated":true}]}}