{"id":1634,"date":"2022-04-10T14:58:56","date_gmt":"2022-04-10T12:58:56","guid":{"rendered":"https:\/\/lesmainsvertesducoeur.fr\/wordpress\/?page_id=1634"},"modified":"2024-12-06T11:42:56","modified_gmt":"2024-12-06T10:42:56","slug":"1634-2","status":"publish","type":"page","link":"https:\/\/lesmainsvertesducoeur.fr\/wordpress\/1634-2\/","title":{"rendered":"Quelques commentaires, photos ou vid\u00e9os de jardins"},"content":{"rendered":"\n<h2 class=\"wp-block-heading\"><strong><a href=\"https:\/\/lesmainsvertesducoeur.fr\/MVC\/Evrard\/Vid\u00e9o.mp4\" target=\"_blank\" rel=\"noopener\">Cliquer ici pour voir un petit film de juin 2020 pr\u00e9sentant quelques exemples de la richesse des nombreuses vari\u00e9t\u00e9s botaniques du Clos du paon<\/a><\/strong><\/h2>\n\n\n\n<div style=\"width: 640px;\" class=\"wp-video\"><video class=\"wp-video-shortcode\" id=\"video-1634-1\" width=\"640\" height=\"360\" preload=\"metadata\" controls=\"controls\"><source type=\"video\/mp4\" src=\"https:\/\/lesmainsvertesducoeur.fr\/MVC\/Evrard\/Vid%C3%A9o.mp4?_=1\" \/><a href=\"https:\/\/lesmainsvertesducoeur.fr\/MVC\/Evrard\/Vid%C3%A9o.mp4\">https:\/\/lesmainsvertesducoeur.fr\/MVC\/Evrard\/Vid%C3%A9o.mp4<\/a><\/video><\/div>\n\n\n\n<h2 class=\"wp-block-heading\"><strong><a href=\"https:\/\/lesmainsvertesducoeur.fr\/MVC\/Evrard\/jardin avril 20201.mp4\" target=\"_blank\" rel=\"noopener\">Cliquer ici pour voir un petit film d&rsquo;Avril 2020 pr\u00e9sentant d&rsquo;autres exemples de la richesse des nombreuses vari\u00e9t\u00e9s botaniques du Clos du paon<\/a><\/strong><\/h2>\n\n\n\n<div style=\"width: 640px;\" class=\"wp-video\"><video class=\"wp-video-shortcode\" id=\"video-1634-2\" width=\"640\" height=\"360\" preload=\"metadata\" controls=\"controls\"><source type=\"video\/mp4\" src=\"https:\/\/lesmainsvertesducoeur.fr\/MVC\/Evrard\/jardin%20avril%2020201.mp4?_=2\" \/><a href=\"https:\/\/lesmainsvertesducoeur.fr\/MVC\/Evrard\/jardin%20avril%2020201.mp4\">https:\/\/lesmainsvertesducoeur.fr\/MVC\/Evrard\/jardin%20avril%2020201.mp4<\/a><\/video><\/div>\n\n\n\n<h2 class=\"wp-block-heading\"><br><strong><a href=\"https:\/\/lesmainsvertesducoeur.fr\/MVC\/Duaux-jarry\/jardindelavallee2022.php\" target=\"_blank\" rel=\"noopener\">Vous pouvez admirer ici des photos prises le 26 avril 2022 dans le jardin de la vall\u00e9e avec les premi\u00e8res floraisons du printemps (plus de 50 vari\u00e9t\u00e9s de magnolias, 40 vari\u00e9t\u00e9s de cam\u00e9lias, etc<\/a><\/strong><\/h2>\n\n\n\n<p><\/p>\n\n\n\n<p><\/p>\n\n\n\n<p><\/p>\n\n\n\n<h2 class=\"wp-block-heading\">L&rsquo;association bretonne arrosoirs et s\u00e9cateurs \u00e0 choisi quelques jardins de la r\u00e9gion rouennaise pour effectuer des visites de jardins. Voici quelques commentaires d&rsquo;Alain, le responsable de cette association <\/h2>\n\n\n\n<h2 class=\"wp-block-heading\"><strong><a href=\"https:\/\/arrosoirs-secateurs.com\/Jardin-des-pres-a-Henouville-76\" target=\"_blank\" rel=\"noreferrer noopener\">Le jardin des pr\u00e9s<\/a>&nbsp;<\/strong><\/h2>\n\n\n\n<h2 class=\"wp-block-heading\"><strong><a href=\"http:\/\/arrosoirs-secateurs.com\/Le-jardin-de-Patrick-a-Butot-76\" target=\"_blank\" rel=\"noreferrer noopener\">Le jardin de Patrick<\/a>&nbsp;<\/strong><\/h2>\n\n\n\n<h2 class=\"wp-block-heading\"><strong><a href=\"https:\/\/arrosoirs-secateurs.com\/Le-jardin-d-Humesnil-a-St-Victor-l-abbaye-76\" target=\"_blank\" rel=\"noreferrer noopener\">Le jardin d&rsquo;Humesnil<\/a>&nbsp;<\/strong><\/h2>\n\n\n\n<h2 class=\"wp-block-heading\"><strong><a href=\"https:\/\/arrosoirs-secateurs.com\/Le-jardin-des-espaces-a-Quincampois-76\" target=\"_blank\" rel=\"noreferrer noopener\">Le jardin des espaces<\/a>&nbsp;<\/strong><\/h2>\n\n\n\n<h2 class=\"wp-block-heading\"><strong><a href=\"https:\/\/arrosoirs-secateurs.com\/Maisonalagirouette\" target=\"_blank\" rel=\"noreferrer noopener\">La maison \u00e0 la girouette<\/a>&nbsp;<\/strong><\/h2>\n\n\n\n<h2 class=\"wp-block-heading\"><strong><a href=\"https:\/\/arrosoirs-secateurs.com\/http-arrosoirs-secateurs-com-Le-clos-au-pan-a-Montigny-76\" target=\"_blank\" rel=\"noreferrer noopener\">Le clos au paon<\/a>&nbsp;<\/strong><\/h2>\n\n\n\n<h2 class=\"wp-block-heading\"><a href=\"https:\/\/arrosoirs-secateurs.com\/Le-jardin-du-Mesnil-a-Monterolier-mai-2023\" target=\"_blank\" rel=\"noreferrer noopener\"><strong>Le jardin du Mesnil<\/strong><\/a><\/h2>\n\n\n\n<h2 class=\"wp-block-heading\"><a href=\"http:\/\/arrosoirs-secateurs.com\/Le-jardin-de-la-guillaumette-a-Bois-Guillaume-76\"><strong>Le jardin de la Guillaumette<\/strong><\/a><\/h2>\n\n\n\n<p><\/p>\n\n\n\n<p>.<\/p>\n\n\n\n<p><\/p>\n\n\n\n<h2 class=\"wp-block-heading\"><strong>Quelques vid\u00e9os de jardins :<\/strong><\/h2>\n\n\n\n<h2 class=\"wp-block-heading\"><br><strong><a href=\"https:\/\/lesmainsvertesducoeur.fr\/MVC\/Eude\/EUDE-2021.mp4\" target=\"_blank\" rel=\"noopener\">Pr\u00e9sentation du jardin \u00e0 Foison<\/a><\/strong><\/h2>\n\n\n\n<div style=\"width: 640px;\" class=\"wp-video\"><video class=\"wp-video-shortcode\" id=\"video-1634-3\" width=\"640\" height=\"360\" preload=\"metadata\" controls=\"controls\"><source type=\"video\/mp4\" src=\"https:\/\/lesmainsvertesducoeur.fr\/MVC\/Eude\/EUDE-2021.mp4?_=3\" \/><a href=\"https:\/\/lesmainsvertesducoeur.fr\/MVC\/Eude\/EUDE-2021.mp4\">https:\/\/lesmainsvertesducoeur.fr\/MVC\/Eude\/EUDE-2021.mp4<\/a><\/video><\/div>\n\n\n\n<h2 class=\"wp-block-heading\"><br><strong><a href=\"https:\/\/lesmainsvertesducoeur.fr\/MVC\/Petit\/CHU2017.mp4\" target=\"_blank\" rel=\"noopener\">Pr\u00e9sentation du jardin \u00ab La Grange \u00bb<\/a><\/strong><\/h2>\n\n\n\n<div style=\"width: 640px;\" class=\"wp-video\"><video class=\"wp-video-shortcode\" id=\"video-1634-4\" width=\"640\" height=\"360\" preload=\"metadata\" controls=\"controls\"><source type=\"video\/mp4\" src=\"https:\/\/lesmainsvertesducoeur.fr\/MVC\/Petit\/CHU2017.mp4?_=4\" \/><a href=\"https:\/\/lesmainsvertesducoeur.fr\/MVC\/Petit\/CHU2017.mp4\">https:\/\/lesmainsvertesducoeur.fr\/MVC\/Petit\/CHU2017.mp4<\/a><\/video><\/div>\n\n\n\n<h2 class=\"wp-block-heading\"><br><strong><a href=\"https:\/\/lesmainsvertesducoeur.fr\/MVC\/Julien\/jardindupeintre.mp4\" target=\"_blank\" rel=\"noopener\">Pr\u00e9sentation du \u00ab jardin du peintre \u00bb<\/a><\/strong><\/h2>\n\n\n\n<div style=\"width: 640px;\" class=\"wp-video\"><video class=\"wp-video-shortcode\" id=\"video-1634-5\" width=\"640\" height=\"360\" preload=\"metadata\" controls=\"controls\"><source type=\"video\/mp4\" src=\"https:\/\/lesmainsvertesducoeur.fr\/MVC\/Julien\/jardindupeintre.mp4?_=5\" \/><a href=\"https:\/\/lesmainsvertesducoeur.fr\/MVC\/Julien\/jardindupeintre.mp4\">https:\/\/lesmainsvertesducoeur.fr\/MVC\/Julien\/jardindupeintre.mp4<\/a><\/video><\/div>\n\n\n\n<h2 class=\"wp-block-heading\"><br><strong><a href=\"https:\/\/lesmainsvertesducoeur.fr\/MVC\/Buquet\/Buquet.mp4\" target=\"_blank\" rel=\"noopener\">Pr\u00e9sentation du \u00ab jardin d Humesnil \u00bb<\/a><\/strong><\/h2>\n\n\n\n<div style=\"width: 640px;\" class=\"wp-video\"><video class=\"wp-video-shortcode\" id=\"video-1634-6\" width=\"640\" height=\"360\" preload=\"metadata\" controls=\"controls\"><source type=\"video\/mp4\" src=\"https:\/\/lesmainsvertesducoeur.fr\/MVC\/Buquet\/Buquet.mp4?_=6\" \/><a href=\"https:\/\/lesmainsvertesducoeur.fr\/MVC\/Buquet\/Buquet.mp4\">https:\/\/lesmainsvertesducoeur.fr\/MVC\/Buquet\/Buquet.mp4<\/a><\/video><\/div>\n\n\n\n<h2 class=\"wp-block-heading\"><br><strong><a href=\"https:\/\/lesmainsvertesducoeur.fr\/MVC\/Billiard\/billiard.mp4\" target=\"_blank\" rel=\"noopener\">Pr\u00e9sentation du \u00ab jardin de la Guillaumette \u00bb<\/a><\/strong><\/h2>\n\n\n\n<figure class=\"wp-block-embed is-type-rich is-provider-prise-en-charge-des-contenus-embarqu-s wp-block-embed-prise-en-charge-des-contenus-embarqu-s\"><div class=\"wp-block-embed__wrapper\">\n<div style=\"width: 640px;\" class=\"wp-video\"><video class=\"wp-video-shortcode\" id=\"video-1634-7\" width=\"640\" height=\"360\" preload=\"metadata\" controls=\"controls\"><source type=\"video\/mp4\" src=\"https:\/\/lesmainsvertesducoeur.fr\/MVC\/Billiard\/billiard.mp4?_=7\" \/><a href=\"https:\/\/lesmainsvertesducoeur.fr\/MVC\/Billiard\/billiard.mp4\">https:\/\/lesmainsvertesducoeur.fr\/MVC\/Billiard\/billiard.mp4<\/a><\/video><\/div>\n<\/div><\/figure>\n\n\n\n<figure class=\"wp-block-gallery has-nested-images columns-default is-cropped wp-block-gallery-1 is-layout-flex wp-block-gallery-is-layout-flex\"><\/figure>\n","protected":false},"excerpt":{"rendered":"<p>Cliquer ici pour voir un petit film de juin 2020 pr\u00e9sentant quelques exemples de la richesse des nombreuses vari\u00e9t\u00e9s botaniques du Clos du paon Cliquer ici pour voir un petit film d&rsquo;Avril 2020 pr\u00e9sentant d&rsquo;autres exemples de la richesse des <a href=\"https:\/\/lesmainsvertesducoeur.fr\/wordpress\/1634-2\/\"> Read more&#8230;<\/a><\/p>\n","protected":false},"author":1,"featured_media":0,"parent":0,"menu_order":0,"comment_status":"closed","ping_status":"closed","template":"","meta":{"footnotes":""},"class_list":["post-1634","page","type-page","status-publish","hentry"],"yoast_head":"<!-- This site is optimized with the Yoast SEO plugin v27.4 - https:\/\/yoast.com\/product\/yoast-seo-wordpress\/ -->\n<title>Quelques commentaires, photos ou vid\u00e9os de jardins - LES MAINS VERTES DU COEUR<\/title>\n<meta name=\"description\" content=\"Des Jardins de Particuliers ouvrent leurs portes au profit de la Fondation Charles Nicolle les 11-12 et 18-20 juin 2022\" \/>\n<meta name=\"robots\" content=\"index, follow, max-snippet:-1, max-image-preview:large, max-video-preview:-1\" \/>\n<link rel=\"canonical\" href=\"https:\/\/lesmainsvertesducoeur.fr\/wordpress\/1634-2\/\" \/>\n<meta property=\"og:locale\" content=\"fr_FR\" \/>\n<meta property=\"og:type\" content=\"article\" \/>\n<meta property=\"og:title\" content=\"Quelques commentaires, photos ou vid\u00e9os de jardins - LES MAINS VERTES DU COEUR\" \/>\n<meta property=\"og:description\" content=\"Des Jardins de Particuliers ouvrent leurs portes au profit de la Fondation Charles Nicolle les 11-12 et 18-20 juin 2022\" \/>\n<meta property=\"og:url\" content=\"https:\/\/lesmainsvertesducoeur.fr\/wordpress\/1634-2\/\" \/>\n<meta property=\"og:site_name\" content=\"LES MAINS VERTES DU COEUR\" \/>\n<meta property=\"article:publisher\" content=\"https:\/\/www.facebook.com\/lesmainsvertesducoeur.fr\" \/>\n<meta property=\"article:modified_time\" content=\"2024-12-06T10:42:56+00:00\" \/>\n<meta name=\"twitter:card\" content=\"summary_large_image\" \/>\n<meta name=\"twitter:label1\" content=\"Dur\u00e9e de lecture estim\u00e9e\" \/>\n\t<meta name=\"twitter:data1\" content=\"2 minutes\" \/>\n<script type=\"application\/ld+json\" class=\"yoast-schema-graph\">{\"@context\":\"https:\\\/\\\/schema.org\",\"@graph\":[{\"@type\":\"WebPage\",\"@id\":\"https:\\\/\\\/lesmainsvertesducoeur.fr\\\/wordpress\\\/1634-2\\\/\",\"url\":\"https:\\\/\\\/lesmainsvertesducoeur.fr\\\/wordpress\\\/1634-2\\\/\",\"name\":\"Quelques commentaires, photos ou vid\u00e9os de jardins - LES MAINS VERTES DU COEUR\",\"isPartOf\":{\"@id\":\"https:\\\/\\\/lesmainsvertesducoeur.fr\\\/wordpress\\\/#website\"},\"datePublished\":\"2022-04-10T12:58:56+00:00\",\"dateModified\":\"2024-12-06T10:42:56+00:00\",\"description\":\"Des Jardins de Particuliers ouvrent leurs portes au profit de la Fondation Charles Nicolle les 11-12 et 18-20 juin 2022\",\"breadcrumb\":{\"@id\":\"https:\\\/\\\/lesmainsvertesducoeur.fr\\\/wordpress\\\/1634-2\\\/#breadcrumb\"},\"inLanguage\":\"fr-FR\",\"potentialAction\":[{\"@type\":\"ReadAction\",\"target\":[\"https:\\\/\\\/lesmainsvertesducoeur.fr\\\/wordpress\\\/1634-2\\\/\"]}]},{\"@type\":\"BreadcrumbList\",\"@id\":\"https:\\\/\\\/lesmainsvertesducoeur.fr\\\/wordpress\\\/1634-2\\\/#breadcrumb\",\"itemListElement\":[{\"@type\":\"ListItem\",\"position\":1,\"name\":\"Accueil\",\"item\":\"https:\\\/\\\/lesmainsvertesducoeur.fr\\\/wordpress\\\/\"},{\"@type\":\"ListItem\",\"position\":2,\"name\":\"Quelques commentaires, photos ou vid\u00e9os de jardins\"}]},{\"@type\":\"WebSite\",\"@id\":\"https:\\\/\\\/lesmainsvertesducoeur.fr\\\/wordpress\\\/#website\",\"url\":\"https:\\\/\\\/lesmainsvertesducoeur.fr\\\/wordpress\\\/\",\"name\":\"LES MAINS VERTES DU COEUR des jardins priv\u00e9s ouvrent pour \u00e9quiper les h\u00f4pitaux en mat\u00e9riels de pointe\",\"description\":\"Visite de jardins priv\u00e9s : Un plus pour les h\u00f4pitaux de Haute Normandie\",\"publisher\":{\"@id\":\"https:\\\/\\\/lesmainsvertesducoeur.fr\\\/wordpress\\\/#organization\"},\"alternateName\":\"LES MAINS VERTES DU COEUR\",\"potentialAction\":[{\"@type\":\"SearchAction\",\"target\":{\"@type\":\"EntryPoint\",\"urlTemplate\":\"https:\\\/\\\/lesmainsvertesducoeur.fr\\\/wordpress\\\/?s={search_term_string}\"},\"query-input\":{\"@type\":\"PropertyValueSpecification\",\"valueRequired\":true,\"valueName\":\"search_term_string\"}}],\"inLanguage\":\"fr-FR\"},{\"@type\":\"Organization\",\"@id\":\"https:\\\/\\\/lesmainsvertesducoeur.fr\\\/wordpress\\\/#organization\",\"name\":\"LES MAINS VERTES DU COEUR des jardins priv\u00e9s ouvrent pour \u00e9quiper les h\u00f4pitaux en mat\u00e9riels de pointe\",\"alternateName\":\"LES MAINS VERTES DU COEUR\",\"url\":\"https:\\\/\\\/lesmainsvertesducoeur.fr\\\/wordpress\\\/\",\"logo\":{\"@type\":\"ImageObject\",\"inLanguage\":\"fr-FR\",\"@id\":\"https:\\\/\\\/lesmainsvertesducoeur.fr\\\/wordpress\\\/#\\\/schema\\\/logo\\\/image\\\/\",\"url\":\"https:\\\/\\\/lesmainsvertesducoeur.fr\\\/wordpress\\\/wp-content\\\/uploads\\\/2020\\\/02\\\/LOGO.png\",\"contentUrl\":\"https:\\\/\\\/lesmainsvertesducoeur.fr\\\/wordpress\\\/wp-content\\\/uploads\\\/2020\\\/02\\\/LOGO.png\",\"width\":161,\"height\":130,\"caption\":\"LES MAINS VERTES DU COEUR des jardins priv\u00e9s ouvrent pour \u00e9quiper les h\u00f4pitaux en mat\u00e9riels de pointe\"},\"image\":{\"@id\":\"https:\\\/\\\/lesmainsvertesducoeur.fr\\\/wordpress\\\/#\\\/schema\\\/logo\\\/image\\\/\"},\"sameAs\":[\"https:\\\/\\\/www.facebook.com\\\/lesmainsvertesducoeur.fr\"]}]}<\/script>\n<!-- \/ Yoast SEO plugin. -->","yoast_head_json":{"title":"Quelques commentaires, photos ou vid\u00e9os de jardins - LES MAINS VERTES DU COEUR","description":"Des Jardins de Particuliers ouvrent leurs portes au profit de la Fondation Charles Nicolle les 11-12 et 18-20 juin 2022","robots":{"index":"index","follow":"follow","max-snippet":"max-snippet:-1","max-image-preview":"max-image-preview:large","max-video-preview":"max-video-preview:-1"},"canonical":"https:\/\/lesmainsvertesducoeur.fr\/wordpress\/1634-2\/","og_locale":"fr_FR","og_type":"article","og_title":"Quelques commentaires, photos ou vid\u00e9os de jardins - LES MAINS VERTES DU COEUR","og_description":"Des Jardins de Particuliers ouvrent leurs portes au profit de la Fondation Charles Nicolle les 11-12 et 18-20 juin 2022","og_url":"https:\/\/lesmainsvertesducoeur.fr\/wordpress\/1634-2\/","og_site_name":"LES MAINS VERTES DU COEUR","article_publisher":"https:\/\/www.facebook.com\/lesmainsvertesducoeur.fr","article_modified_time":"2024-12-06T10:42:56+00:00","twitter_card":"summary_large_image","twitter_misc":{"Dur\u00e9e de lecture estim\u00e9e":"2 minutes"},"schema":{"@context":"https:\/\/schema.org","@graph":[{"@type":"WebPage","@id":"https:\/\/lesmainsvertesducoeur.fr\/wordpress\/1634-2\/","url":"https:\/\/lesmainsvertesducoeur.fr\/wordpress\/1634-2\/","name":"Quelques commentaires, photos ou vid\u00e9os de jardins - LES MAINS VERTES DU COEUR","isPartOf":{"@id":"https:\/\/lesmainsvertesducoeur.fr\/wordpress\/#website"},"datePublished":"2022-04-10T12:58:56+00:00","dateModified":"2024-12-06T10:42:56+00:00","description":"Des Jardins de Particuliers ouvrent leurs portes au profit de la Fondation Charles Nicolle les 11-12 et 18-20 juin 2022","breadcrumb":{"@id":"https:\/\/lesmainsvertesducoeur.fr\/wordpress\/1634-2\/#breadcrumb"},"inLanguage":"fr-FR","potentialAction":[{"@type":"ReadAction","target":["https:\/\/lesmainsvertesducoeur.fr\/wordpress\/1634-2\/"]}]},{"@type":"BreadcrumbList","@id":"https:\/\/lesmainsvertesducoeur.fr\/wordpress\/1634-2\/#breadcrumb","itemListElement":[{"@type":"ListItem","position":1,"name":"Accueil","item":"https:\/\/lesmainsvertesducoeur.fr\/wordpress\/"},{"@type":"ListItem","position":2,"name":"Quelques commentaires, photos ou vid\u00e9os de jardins"}]},{"@type":"WebSite","@id":"https:\/\/lesmainsvertesducoeur.fr\/wordpress\/#website","url":"https:\/\/lesmainsvertesducoeur.fr\/wordpress\/","name":"LES MAINS VERTES DU COEUR des jardins priv\u00e9s ouvrent pour \u00e9quiper les h\u00f4pitaux en mat\u00e9riels de pointe","description":"Visite de jardins priv\u00e9s : Un plus pour les h\u00f4pitaux de Haute Normandie","publisher":{"@id":"https:\/\/lesmainsvertesducoeur.fr\/wordpress\/#organization"},"alternateName":"LES MAINS VERTES DU COEUR","potentialAction":[{"@type":"SearchAction","target":{"@type":"EntryPoint","urlTemplate":"https:\/\/lesmainsvertesducoeur.fr\/wordpress\/?s={search_term_string}"},"query-input":{"@type":"PropertyValueSpecification","valueRequired":true,"valueName":"search_term_string"}}],"inLanguage":"fr-FR"},{"@type":"Organization","@id":"https:\/\/lesmainsvertesducoeur.fr\/wordpress\/#organization","name":"LES MAINS VERTES DU COEUR des jardins priv\u00e9s ouvrent pour \u00e9quiper les h\u00f4pitaux en mat\u00e9riels de pointe","alternateName":"LES MAINS VERTES DU COEUR","url":"https:\/\/lesmainsvertesducoeur.fr\/wordpress\/","logo":{"@type":"ImageObject","inLanguage":"fr-FR","@id":"https:\/\/lesmainsvertesducoeur.fr\/wordpress\/#\/schema\/logo\/image\/","url":"https:\/\/lesmainsvertesducoeur.fr\/wordpress\/wp-content\/uploads\/2020\/02\/LOGO.png","contentUrl":"https:\/\/lesmainsvertesducoeur.fr\/wordpress\/wp-content\/uploads\/2020\/02\/LOGO.png","width":161,"height":130,"caption":"LES MAINS VERTES DU COEUR des jardins priv\u00e9s ouvrent pour \u00e9quiper les h\u00f4pitaux en mat\u00e9riels de pointe"},"image":{"@id":"https:\/\/lesmainsvertesducoeur.fr\/wordpress\/#\/schema\/logo\/image\/"},"sameAs":["https:\/\/www.facebook.com\/lesmainsvertesducoeur.fr"]}]}},"_links":{"self":[{"href":"https:\/\/lesmainsvertesducoeur.fr\/wordpress\/wp-json\/wp\/v2\/pages\/1634","targetHints":{"allow":["GET"]}}],"collection":[{"href":"https:\/\/lesmainsvertesducoeur.fr\/wordpress\/wp-json\/wp\/v2\/pages"}],"about":[{"href":"https:\/\/lesmainsvertesducoeur.fr\/wordpress\/wp-json\/wp\/v2\/types\/page"}],"author":[{"embeddable":true,"href":"https:\/\/lesmainsvertesducoeur.fr\/wordpress\/wp-json\/wp\/v2\/users\/1"}],"replies":[{"embeddable":true,"href":"https:\/\/lesmainsvertesducoeur.fr\/wordpress\/wp-json\/wp\/v2\/comments?post=1634"}],"version-history":[{"count":3,"href":"https:\/\/lesmainsvertesducoeur.fr\/wordpress\/wp-json\/wp\/v2\/pages\/1634\/revisions"}],"predecessor-version":[{"id":2982,"href":"https:\/\/lesmainsvertesducoeur.fr\/wordpress\/wp-json\/wp\/v2\/pages\/1634\/revisions\/2982"}],"wp:attachment":[{"href":"https:\/\/lesmainsvertesducoeur.fr\/wordpress\/wp-json\/wp\/v2\/media?parent=1634"}],"curies":[{"name":"wp","href":"https:\/\/api.w.org\/{rel}","templated":true}]}}